{"id":61,"date":"2020-05-03T17:30:16","date_gmt":"2020-05-03T17:30:16","guid":{"rendered":"https:\/\/www.corsemfim.com\/portfolio\/?page_id=61"},"modified":"2020-05-14T15:04:45","modified_gmt":"2020-05-14T15:04:45","slug":"61-2","status":"publish","type":"page","link":"https:\/\/www.corsemfim.com\/portfolio\/","title":{"rendered":""},"content":{"rendered":"\n<div class=\"wp-block-columns alignwide has-background has-text-color are-vertically-aligned-center is-layout-flex wp-container-core-columns-is-layout-1 wp-block-columns-is-layout-flex\" style=\"background-color:#377a6c;color:#377a6c\">\n<div class=\"wp-block-column is-vertically-aligned-center is-layout-flow wp-block-column-is-layout-flow\">\n<h1 class=\"has-text-color wp-block-heading\" style=\"color:#c6ddde\"><strong>Ol\u00e1!<\/strong><\/h1>\n<\/div>\n\n\n\n<div class=\"wp-block-column is-vertically-aligned-center is-layout-flow wp-block-column-is-layout-flow\" style=\"flex-basis:86.8%\">\n<p style=\"color:#ffffff\" class=\"has-text-color\">S\u00ea bem-vindo ao meu portfolio. <\/p>\n\n\n\n<p style=\"color:#ffffff\" class=\"has-text-color\">Chamo-me Joana e sou uma rapariga dos anos 90. Sou uma pessoa pr\u00f3-activa e cheia de ideias e onde quer que pouso, tal como as joaninhas, pretendo fazer magia.<\/p>\n\n\n\n<p style=\"color:#ffffff\" class=\"has-text-color\">Falo portugu\u00eas fluentemente, j\u00e1 que \u00e9 a minha \u201cl\u00edngua m\u00e3e\u201d, e tenho certificado B2 em ingl\u00eas. Arranho o espanhol sempre que necess\u00e1rio e tenho muito interesse em l\u00edngua gestual.<\/p>\n\n\n\n<p style=\"color:#ffffff\" class=\"has-text-color\">Aqui poder\u00e1s ver os meus trabalhos, na \u00e1rea de fotografia e do design. <\/p>\n\n\n\n<p style=\"color:#ffffff\" class=\"has-text-color\">Sou formada em Design e Anima\u00e7\u00e3o Multim\u00e9dia bem como em Design de Comunica\u00e7\u00e3o pelo Instituto Polit\u00e9cnico de Portalegre. Trabalho com estamparia t\u00eaxtil e cer\u00e2mica, fotografia de eventos e pe\u00e7as de estacion\u00e1rio.<\/p>\n\n\n\n<p style=\"color:#ffffff\" class=\"has-text-color\">Tenho, tamb\u00e9m, uma forma\u00e7\u00e3o em Cinema pela Universidade Aberta e pelos Caminhos do Cinema Portugu\u00eas. Al\u00e9m disso, sou tamb\u00e9m formadora. Dei alguns workshops na \u00e1rea do cinema de anima\u00e7\u00e3o e do design e j\u00e1 fiz duas exposi\u00e7\u00f5es de fotografia.<\/p>\n<\/div>\n<\/div>\n\n\n\n<div class=\"wp-block-image\"><figure class=\"aligncenter size-large is-resized\"><img loading=\"lazy\" decoding=\"async\" src=\"https:\/\/www.corsemfim.com\/portfolio\/wp-content\/uploads\/2020\/05\/inter-1024x237.png\" alt=\"\" class=\"wp-image-103\" width=\"451\" height=\"104\" srcset=\"https:\/\/www.corsemfim.com\/portfolio\/wp-content\/uploads\/2020\/05\/inter-1024x237.png 1024w, https:\/\/www.corsemfim.com\/portfolio\/wp-content\/uploads\/2020\/05\/inter-300x69.png 300w, https:\/\/www.corsemfim.com\/portfolio\/wp-content\/uploads\/2020\/05\/inter-768x178.png 768w, https:\/\/www.corsemfim.com\/portfolio\/wp-content\/uploads\/2020\/05\/inter-1536x355.png 1536w, https:\/\/www.corsemfim.com\/portfolio\/wp-content\/uploads\/2020\/05\/inter.png 1912w\" sizes=\"(max-width: 451px) 100vw, 451px\" \/><\/figure><\/div>\n\n\n\n<div class=\"wp-block-columns alignwide is-layout-flex wp-container-core-columns-is-layout-2 wp-block-columns-is-layout-flex\">\n<div class=\"wp-block-column is-layout-flow wp-block-column-is-layout-flow\">\n<div class=\"wp-block-image\"><figure class=\"aligncenter size-large is-resized\"><a href=\"https:\/\/www.corsemfim.com\/portfolio\/fotografia\/\"><img loading=\"lazy\" decoding=\"async\" src=\"https:\/\/www.corsemfim.com\/portfolio\/wp-content\/uploads\/2020\/05\/foto_categoria-1024x1018.png\" alt=\"\" class=\"wp-image-598\" width=\"353\" height=\"351\" srcset=\"https:\/\/www.corsemfim.com\/portfolio\/wp-content\/uploads\/2020\/05\/foto_categoria-1024x1018.png 1024w, https:\/\/www.corsemfim.com\/portfolio\/wp-content\/uploads\/2020\/05\/foto_categoria-300x298.png 300w, https:\/\/www.corsemfim.com\/portfolio\/wp-content\/uploads\/2020\/05\/foto_categoria-150x150.png 150w, https:\/\/www.corsemfim.com\/portfolio\/wp-content\/uploads\/2020\/05\/foto_categoria-768x764.png 768w, https:\/\/www.corsemfim.com\/portfolio\/wp-content\/uploads\/2020\/05\/foto_categoria.png 1243w\" sizes=\"(max-width: 353px) 100vw, 353px\" \/><\/a><\/figure><\/div>\n<\/div>\n\n\n\n<div class=\"wp-block-column is-layout-flow wp-block-column-is-layout-flow\">\n<div class=\"wp-block-image\"><figure class=\"aligncenter size-large is-resized\"><a href=\"https:\/\/www.corsemfim.com\/portfolio\/design\/\"><img loading=\"lazy\" decoding=\"async\" src=\"https:\/\/www.corsemfim.com\/portfolio\/wp-content\/uploads\/2020\/05\/design-categoria-1024x980.png\" alt=\"\" class=\"wp-image-601\" width=\"353\" height=\"338\" srcset=\"https:\/\/www.corsemfim.com\/portfolio\/wp-content\/uploads\/2020\/05\/design-categoria-1024x980.png 1024w, https:\/\/www.corsemfim.com\/portfolio\/wp-content\/uploads\/2020\/05\/design-categoria-300x287.png 300w, https:\/\/www.corsemfim.com\/portfolio\/wp-content\/uploads\/2020\/05\/design-categoria-768x735.png 768w, https:\/\/www.corsemfim.com\/portfolio\/wp-content\/uploads\/2020\/05\/design-categoria.png 1387w\" sizes=\"(max-width: 353px) 100vw, 353px\" \/><\/a><\/figure><\/div>\n<\/div>\n<\/div>\n\n\n\n<p style=\"background-color:#c6ddde;color:#377a6c\" class=\"has-text-color has-background\">Gostavas de trabalhar comigo? Podes entrar em contacto comigo atrav\u00e9s do formul\u00e1rio que encontras aqui:<\/p>\n\n\n<div class=\"frm_forms  with_frm_style frm_style_formidable-style\" id=\"frm_form_1_container\" >\n<form enctype=\"multipart\/form-data\" method=\"post\" class=\"frm-show-form \" id=\"form_contact-form\"  >\n<div class=\"frm_form_fields \">\n<fieldset>\n<legend class=\"frm_screen_reader\">Formul\u00e1rio de Contacto<\/legend>\r\n\r\n<div class=\"frm_fields_container\">\n<input type=\"hidden\" name=\"frm_action\" value=\"create\" \/>\n<input type=\"hidden\" name=\"form_id\" value=\"1\" \/>\n<input type=\"hidden\" name=\"frm_hide_fields_1\" id=\"frm_hide_fields_1\" value=\"\" \/>\n<input type=\"hidden\" name=\"form_key\" value=\"contact-form\" \/>\n<input type=\"hidden\" name=\"item_meta[0]\" value=\"\" \/>\n<input type=\"hidden\" id=\"frm_submit_entry_1\" name=\"frm_submit_entry_1\" value=\"60f2c0774e\" \/><input type=\"hidden\" name=\"_wp_http_referer\" value=\"\/portfolio\/wp-json\/wp\/v2\/pages\/61\" \/><label for=\"frm_verify_1\" class=\"frm_screen_reader frm_hidden\">If you are human, leave this field blank.<\/label>\n<input type=\"text\" class=\"frm_hidden frm_verify\" id=\"frm_verify_1\" name=\"frm_verify\" value=\"\"  \/>\n<div id=\"frm_field_1_container\" class=\"frm_form_field form-field  frm_required_field frm_top_container frm_first frm_half\">\r\n    <label for=\"field_qh4icy\" id=\"field_qh4icy_label\" class=\"frm_primary_label\">Nome\r\n        <span class=\"frm_required\">*<\/span>\r\n    <\/label>\r\n    <input type=\"text\" id=\"field_qh4icy\" name=\"item_meta[1]\" value=\"\"  data-reqmsg=\"Este campo n\u00e3o pode estar em branco.\" aria-required=\"true\" data-invmsg=\"Name is invalid\"  \/>\r\n    \r\n    \r\n<\/div>\n<div id=\"frm_field_3_container\" class=\"frm_form_field form-field  frm_required_field frm_top_container frm_full\">\r\n    <label for=\"field_29yf4d\" id=\"field_29yf4d_label\" class=\"frm_primary_label\">Email\r\n        <span class=\"frm_required\">*<\/span>\r\n    <\/label>\r\n    <input type=\"email\" id=\"field_29yf4d\" name=\"item_meta[3]\" value=\"\"  data-reqmsg=\"Este campo n\u00e3o pode estar em branco.\" aria-required=\"true\" data-invmsg=\"Por favor coloca um email v\u00e1lido.\"  \/>\r\n    \r\n    \r\n<\/div>\n<div id=\"frm_field_5_container\" class=\"frm_form_field form-field  frm_required_field frm_top_container frm_full\">\r\n    <label for=\"field_9jv0r1\" id=\"field_9jv0r1_label\" class=\"frm_primary_label\">Escreve aqui a tua mensagem\r\n        <span class=\"frm_required\">*<\/span>\r\n    <\/label>\r\n    <textarea name=\"item_meta[5]\" id=\"field_9jv0r1\" rows=\"5\"  data-reqmsg=\"Este campo n\u00e3o pode estar em branco.\" aria-required=\"true\" data-invmsg=\"Escreve aqui a tua mensagem is invalid\"  ><\/textarea>\r\n    \r\n    \r\n<\/div>\n<input type=\"hidden\" name=\"item_key\" value=\"\" \/>\n\t<div class=\"frm_submit\">\r\n\r\n<button class=\"frm_button_submit\" type=\"submit\"  >Submeter<\/button>\r\n\r\n<\/div><\/div>\n<\/fieldset>\n<\/div>\n<\/form>\n<\/div>\n\n\n\n<div class=\"wp-block-image\"><figure class=\"aligncenter size-large is-resized\"><img loading=\"lazy\" decoding=\"async\" src=\"https:\/\/www.corsemfim.com\/portfolio\/wp-content\/uploads\/2020\/05\/cita_fime-1024x225.png\" alt=\"\" class=\"wp-image-626\" width=\"379\" height=\"83\" srcset=\"https:\/\/www.corsemfim.com\/portfolio\/wp-content\/uploads\/2020\/05\/cita_fime-1024x225.png 1024w, https:\/\/www.corsemfim.com\/portfolio\/wp-content\/uploads\/2020\/05\/cita_fime-300x66.png 300w, https:\/\/www.corsemfim.com\/portfolio\/wp-content\/uploads\/2020\/05\/cita_fime-768x169.png 768w, https:\/\/www.corsemfim.com\/portfolio\/wp-content\/uploads\/2020\/05\/cita_fime.png 1420w\" sizes=\"(max-width: 379px) 100vw, 379px\" \/><\/figure><\/div>\n","protected":false},"excerpt":{"rendered":"<p>Ol\u00e1! S\u00ea bem-vindo ao meu portfolio. Chamo-me Joana e sou uma rapariga dos anos 90. Sou uma pessoa pr\u00f3-activa e cheia de ideias e onde quer que pouso, tal como as joaninhas, pretendo fazer magia. Falo portugu\u00eas fluentemente, j\u00e1 que \u00e9 a minha \u201cl\u00edngua m\u00e3e\u201d, e tenho certificado B2 em ingl\u00eas. Arranho o espanhol sempre [&hellip;]<\/p>\n","protected":false},"author":1,"featured_media":0,"parent":0,"menu_order":0,"comment_status":"closed","ping_status":"closed","template":"","meta":{"footnotes":""},"_links":{"self":[{"href":"https:\/\/www.corsemfim.com\/portfolio\/wp-json\/wp\/v2\/pages\/61"}],"collection":[{"href":"https:\/\/www.corsemfim.com\/portfolio\/wp-json\/wp\/v2\/pages"}],"about":[{"href":"https:\/\/www.corsemfim.com\/portfolio\/wp-json\/wp\/v2\/types\/page"}],"author":[{"embeddable":true,"href":"https:\/\/www.corsemfim.com\/portfolio\/wp-json\/wp\/v2\/users\/1"}],"replies":[{"embeddable":true,"href":"https:\/\/www.corsemfim.com\/portfolio\/wp-json\/wp\/v2\/comments?post=61"}],"version-history":[{"count":36,"href":"https:\/\/www.corsemfim.com\/portfolio\/wp-json\/wp\/v2\/pages\/61\/revisions"}],"predecessor-version":[{"id":627,"href":"https:\/\/www.corsemfim.com\/portfolio\/wp-json\/wp\/v2\/pages\/61\/revisions\/627"}],"wp:attachment":[{"href":"https:\/\/www.corsemfim.com\/portfolio\/wp-json\/wp\/v2\/media?parent=61"}],"curies":[{"name":"wp","href":"https:\/\/api.w.org\/{rel}","templated":true}]}}