{"id":469,"date":"2020-05-10T17:32:29","date_gmt":"2020-05-10T17:32:29","guid":{"rendered":"https:\/\/www.corsemfim.com\/portfolio\/?page_id=469"},"modified":"2020-05-10T22:51:40","modified_gmt":"2020-05-10T22:51:40","slug":"fotografia-de-viagem","status":"publish","type":"page","link":"https:\/\/www.corsemfim.com\/portfolio\/fotografia-de-viagem\/","title":{"rendered":"Fotografia de Viagem"},"content":{"rendered":"\n<p class=\"has-text-align-center\"><a href=\"https:\/\/www.corsemfim.com\/portfolio\/\">voltar \u00e0 p\u00e1gina inicial<\/a><\/p>\n\n\n\n<p style=\"font-size:12px\" class=\"has-text-align-center\"><a href=\"https:\/\/www.corsemfim.com\/portfolio\/eventos\/\">voltar \u00e0 p\u00e1gina anterior<\/a><\/p>\n\n\n\n<h1 class=\"wp-block-heading\">Fotografia de Viagem<\/h1>\n\n\n\n<p style=\"background-color:#377a6c;color:#ffffff\" class=\"has-text-color has-background\">Dentro do campo da fotografia, realizei cerca de 30 entrevistas a bandas ou cantores. Delas surgiram n\u00e3o s\u00f3 entrevistas escritas que foram publicadas no blog&nbsp;<a href=\"http:\/\/corsemfim.blogspot.com\/p\/eu-perguntei-eles-responderam.html\">corsemfim.blogspot.pt&nbsp;<\/a>como tamb\u00e9m reportagens fotogr\u00e1ficas dos concertos protagonizados pelos mesmos.<\/p>\n\n\n\n<p style=\"color:#377a6c\" class=\"has-text-color\">Basta clicares nas fotografias para seres redireccionado para uma p\u00e1gina que tem mais informa\u00e7\u00f5es sobre a entrevista e mais fotografias para que possas ver os momentos m\u00e1gicos que foram estes concertos!<\/p>\n\n\n\n<div class=\"wp-block-columns is-layout-flex wp-container-core-columns-is-layout-1 wp-block-columns-is-layout-flex\">\n<div class=\"wp-block-column is-layout-flow wp-block-column-is-layout-flow\">\n<figure class=\"wp-block-image size-large\"><a href=\"https:\/\/www.corsemfim.com\/portfolio\/valencia\/\"><img loading=\"lazy\" decoding=\"async\" width=\"371\" height=\"101\" src=\"https:\/\/www.corsemfim.com\/portfolio\/wp-content\/uploads\/2020\/05\/valencia.png\" alt=\"\" class=\"wp-image-586\" srcset=\"https:\/\/www.corsemfim.com\/portfolio\/wp-content\/uploads\/2020\/05\/valencia.png 371w, https:\/\/www.corsemfim.com\/portfolio\/wp-content\/uploads\/2020\/05\/valencia-300x82.png 300w\" sizes=\"(max-width: 371px) 100vw, 371px\" \/><\/a><\/figure>\n\n\n\n<figure class=\"wp-block-image size-large\"><a href=\"https:\/\/www.corsemfim.com\/portfolio\/montjuic\/\"><img loading=\"lazy\" decoding=\"async\" width=\"371\" height=\"110\" src=\"https:\/\/www.corsemfim.com\/portfolio\/wp-content\/uploads\/2020\/05\/montjuic.png\" alt=\"\" class=\"wp-image-585\" srcset=\"https:\/\/www.corsemfim.com\/portfolio\/wp-content\/uploads\/2020\/05\/montjuic.png 371w, https:\/\/www.corsemfim.com\/portfolio\/wp-content\/uploads\/2020\/05\/montjuic-300x89.png 300w\" sizes=\"(max-width: 371px) 100vw, 371px\" \/><\/a><\/figure>\n\n\n\n<figure class=\"wp-block-image size-large\"><a href=\"https:\/\/www.corsemfim.com\/portfolio\/ramblas\/\"><img loading=\"lazy\" decoding=\"async\" width=\"371\" height=\"101\" src=\"https:\/\/www.corsemfim.com\/portfolio\/wp-content\/uploads\/2020\/05\/ramblas.png\" alt=\"\" class=\"wp-image-584\" srcset=\"https:\/\/www.corsemfim.com\/portfolio\/wp-content\/uploads\/2020\/05\/ramblas.png 371w, https:\/\/www.corsemfim.com\/portfolio\/wp-content\/uploads\/2020\/05\/ramblas-300x82.png 300w\" sizes=\"(max-width: 371px) 100vw, 371px\" \/><\/a><\/figure>\n\n\n\n<figure class=\"wp-block-image size-large\"><a href=\"https:\/\/www.corsemfim.com\/portfolio\/paris\/\"><img loading=\"lazy\" decoding=\"async\" width=\"371\" height=\"110\" src=\"https:\/\/www.corsemfim.com\/portfolio\/wp-content\/uploads\/2020\/05\/paris.png\" alt=\"\" class=\"wp-image-583\" srcset=\"https:\/\/www.corsemfim.com\/portfolio\/wp-content\/uploads\/2020\/05\/paris.png 371w, https:\/\/www.corsemfim.com\/portfolio\/wp-content\/uploads\/2020\/05\/paris-300x89.png 300w\" sizes=\"(max-width: 371px) 100vw, 371px\" \/><\/a><\/figure>\n<\/div>\n\n\n\n<div class=\"wp-block-column is-layout-flow wp-block-column-is-layout-flow\">\n<figure class=\"wp-block-image size-large\"><a href=\"https:\/\/www.corsemfim.com\/portfolio\/montserrat\/\"><img loading=\"lazy\" decoding=\"async\" width=\"371\" height=\"110\" src=\"https:\/\/www.corsemfim.com\/portfolio\/wp-content\/uploads\/2020\/05\/montserrat.png\" alt=\"\" class=\"wp-image-590\" srcset=\"https:\/\/www.corsemfim.com\/portfolio\/wp-content\/uploads\/2020\/05\/montserrat.png 371w, https:\/\/www.corsemfim.com\/portfolio\/wp-content\/uploads\/2020\/05\/montserrat-300x89.png 300w\" sizes=\"(max-width: 371px) 100vw, 371px\" \/><\/a><\/figure>\n\n\n\n<figure class=\"wp-block-image size-large\"><a href=\"https:\/\/www.corsemfim.com\/portfolio\/casa-battlo\/\"><img loading=\"lazy\" decoding=\"async\" width=\"371\" height=\"101\" src=\"https:\/\/www.corsemfim.com\/portfolio\/wp-content\/uploads\/2020\/05\/casabatllo.png\" alt=\"\" class=\"wp-image-589\" srcset=\"https:\/\/www.corsemfim.com\/portfolio\/wp-content\/uploads\/2020\/05\/casabatllo.png 371w, https:\/\/www.corsemfim.com\/portfolio\/wp-content\/uploads\/2020\/05\/casabatllo-300x82.png 300w\" sizes=\"(max-width: 371px) 100vw, 371px\" \/><\/a><\/figure>\n\n\n\n<figure class=\"wp-block-image size-large\"><a href=\"https:\/\/www.corsemfim.com\/portfolio\/sagrada-familia\/\"><img loading=\"lazy\" decoding=\"async\" width=\"371\" height=\"110\" src=\"https:\/\/www.corsemfim.com\/portfolio\/wp-content\/uploads\/2020\/05\/sagradafamilia.png\" alt=\"\" class=\"wp-image-588\" srcset=\"https:\/\/www.corsemfim.com\/portfolio\/wp-content\/uploads\/2020\/05\/sagradafamilia.png 371w, https:\/\/www.corsemfim.com\/portfolio\/wp-content\/uploads\/2020\/05\/sagradafamilia-300x89.png 300w\" sizes=\"(max-width: 371px) 100vw, 371px\" \/><\/a><\/figure>\n\n\n\n<figure class=\"wp-block-image size-large\"><a href=\"https:\/\/www.corsemfim.com\/portfolio\/normandia\/\"><img loading=\"lazy\" decoding=\"async\" width=\"371\" height=\"101\" src=\"https:\/\/www.corsemfim.com\/portfolio\/wp-content\/uploads\/2020\/05\/normandia.png\" alt=\"\" class=\"wp-image-587\" srcset=\"https:\/\/www.corsemfim.com\/portfolio\/wp-content\/uploads\/2020\/05\/normandia.png 371w, https:\/\/www.corsemfim.com\/portfolio\/wp-content\/uploads\/2020\/05\/normandia-300x82.png 300w\" sizes=\"(max-width: 371px) 100vw, 371px\" \/><\/a><\/figure>\n<\/div>\n<\/div>\n","protected":false},"excerpt":{"rendered":"<p>voltar \u00e0 p\u00e1gina inicial voltar \u00e0 p\u00e1gina anterior Fotografia de Viagem Dentro do campo da fotografia, realizei cerca de 30 entrevistas a bandas ou cantores. Delas surgiram n\u00e3o s\u00f3 entrevistas escritas que foram publicadas no blog&nbsp;corsemfim.blogspot.pt&nbsp;como tamb\u00e9m reportagens fotogr\u00e1ficas dos concertos protagonizados pelos mesmos. Basta clicares nas fotografias para seres redireccionado para uma p\u00e1gina que [&hellip;]<\/p>\n","protected":false},"author":1,"featured_media":0,"parent":0,"menu_order":0,"comment_status":"closed","ping_status":"closed","template":"","meta":{"footnotes":""},"_links":{"self":[{"href":"https:\/\/www.corsemfim.com\/portfolio\/wp-json\/wp\/v2\/pages\/469"}],"collection":[{"href":"https:\/\/www.corsemfim.com\/portfolio\/wp-json\/wp\/v2\/pages"}],"about":[{"href":"https:\/\/www.corsemfim.com\/portfolio\/wp-json\/wp\/v2\/types\/page"}],"author":[{"embeddable":true,"href":"https:\/\/www.corsemfim.com\/portfolio\/wp-json\/wp\/v2\/users\/1"}],"replies":[{"embeddable":true,"href":"https:\/\/www.corsemfim.com\/portfolio\/wp-json\/wp\/v2\/comments?post=469"}],"version-history":[{"count":6,"href":"https:\/\/www.corsemfim.com\/portfolio\/wp-json\/wp\/v2\/pages\/469\/revisions"}],"predecessor-version":[{"id":591,"href":"https:\/\/www.corsemfim.com\/portfolio\/wp-json\/wp\/v2\/pages\/469\/revisions\/591"}],"wp:attachment":[{"href":"https:\/\/www.corsemfim.com\/portfolio\/wp-json\/wp\/v2\/media?parent=469"}],"curies":[{"name":"wp","href":"https:\/\/api.w.org\/{rel}","templated":true}]}}